{"id":243,"date":"2020-02-19T09:53:24","date_gmt":"2020-02-19T08:53:24","guid":{"rendered":"https:\/\/visionplease.com\/?page_id=243"},"modified":"2020-11-16T09:51:36","modified_gmt":"2020-11-16T08:51:36","slug":"impressum","status":"publish","type":"page","link":"https:\/\/visionplease.com\/?page_id=243","title":{"rendered":"IMPRESSUM"},"content":{"rendered":"\n<p>Die Seite wird betrieben von Laura Weber<\/p>\n\n\n\n<p>Verantwortlich gem\u00e4\u00df \u00a7 55 Abs. 2 RStV:<\/p>\n\n\n\n<p>Vision Please \/ Laura Weber<br>Spartanerstr. 7<br>30519 Hannover<\/p>\n\n\n\n<p>Allgemeine Anfragen:<br>info@visionplease.com<\/p>\n\n\n\n<p>Tel.: +49172 6732495<\/p>\n\n\n\n<p><strong>Nutzung der Bilder:<\/strong><\/p>\n\n\n\n<p>Bei (nicht kommerzieller)&nbsp;Nutzung meiner Bilder muss immer der Credit (Vision Please) sowie ein aktiver Link auf visionplease.com angegeben werden.&nbsp;Die Nutzung von mehr als 3 Motiven ist nur nach Freigabe durch mich gestattet. F\u00fcr kommerzielle Nutzung meiner Bilder bitte ich stets um Kontaktierung via info@visonplease.com.<\/p>\n\n\n\n<p>1. Haftungsausschluss<\/p>\n\n\n\n<p>Dies Seite enth\u00e4lt Links zu externen Seiten. F\u00fcr diese Seiten und deren Inhalte \u00fcbernehme ich keine Haftung.<\/p>\n\n\n\n<p>Sollten rechtswidrige Inhalte auf verlinkten Seiten enthalten sein, werde ich entsprechende Links bei entsprechenden vorliegenden Informationen entfernen.<\/p>\n\n\n\n<p>2. Urheberrechte<\/p>\n\n\n\n<p>Alle, die hier ver\u00f6ffentlichten Texte und Bildmaterial  sind soweit nicht anders angegeben und mit entsprechenden Links versehen, pers\u00f6nliches geistiges Eigentum und unterliegen hiermit ausdr\u00fccklich dem Urheberrecht. Eine externe Ver\u00f6ffentlichung auf anderen Seiten sowie andere Verwendung der hier geschriebenen Texte (z.B. Vervielf\u00e4ltigung, Kopien usw.) ben\u00f6tigen daher die schriftliche Genehmigung meinerseits, welche \u00fcber die angegebene E-Mail-Adresse gerne eingeholt werden kann und ist anderweitig ausdr\u00fccklich untersagt. <\/p>\n\n\n\n<p>Entsprechende Urheberbestimmungen gelten\nausdr\u00fccklich f\u00fcr vergangene Eintr\u00e4ge, wie auch f\u00fcr k\u00fcnftig Erscheinende.<\/p>\n\n\n\n<p>Entsprechende rechtliche Konsequenzen\nbei Zuwiderhandlung sind vorbehalten.<\/p>\n\n\n\n<p><\/p>\n","protected":false},"excerpt":{"rendered":"<p>Die Seite wird betrieben von Laura Weber Verantwortlich gem\u00e4\u00df \u00a7 55 Abs. 2 RStV: Vision Please \/ Laura WeberSpartanerstr. 730519 Hannover Allgemeine Anfragen:info@visionplease.com Tel.: +49172 6732495 Nutzung der Bilder: Bei (nicht kommerzieller)&nbsp;Nutzung meiner Bilder muss immer der Credit (Vision Please) sowie ein aktiver Link auf visionplease.com angegeben werden.&nbsp;Die Nutzung von mehr als 3 Motiven ist nur nach Freigabe durch mich gestattet. F\u00fcr kommerzielle Nutzung meiner &hellip;<\/p>\n","protected":false},"author":1,"featured_media":0,"parent":0,"menu_order":0,"comment_status":"closed","ping_status":"closed","template":"","meta":[],"yoast_head":"<!-- This site is optimized with the Yoast SEO plugin v20.1 - https:\/\/yoast.com\/wordpress\/plugins\/seo\/ -->\n<title>IMPRESSUM - visionplease.com - Inhaberin Laura Weber<\/title>\n<meta name=\"robots\" content=\"index, follow, max-snippet:-1, max-image-preview:large, max-video-preview:-1\" \/>\n<link rel=\"canonical\" href=\"https:\/\/visionplease.com\/?page_id=243\" \/>\n<meta property=\"og:locale\" content=\"de_DE\" \/>\n<meta property=\"og:type\" content=\"article\" \/>\n<meta property=\"og:title\" content=\"IMPRESSUM - visionplease.com - Inhaberin Laura Weber\" \/>\n<meta property=\"og:description\" content=\"Die Seite wird betrieben von Laura Weber Verantwortlich gem\u00e4\u00df \u00a7 55 Abs. 2 RStV: Vision Please \/ Laura WeberSpartanerstr. 730519 Hannover Allgemeine Anfragen:info@visionplease.com Tel.: +49172 6732495 Nutzung der Bilder: Bei (nicht kommerzieller)&nbsp;Nutzung meiner Bilder muss immer der Credit (Vision Please) sowie ein aktiver Link auf visionplease.com angegeben werden.&nbsp;Die Nutzung von mehr als 3 Motiven ist nur nach Freigabe durch mich gestattet. F\u00fcr kommerzielle Nutzung meiner &hellip;\" \/>\n<meta property=\"og:url\" content=\"https:\/\/visionplease.com\/?page_id=243\" \/>\n<meta property=\"og:site_name\" content=\"visionplease.com - Inhaberin Laura Weber\" \/>\n<meta property=\"article:modified_time\" content=\"2020-11-16T08:51:36+00:00\" \/>\n<meta name=\"twitter:card\" content=\"summary_large_image\" \/>\n<meta name=\"twitter:label1\" content=\"Gesch\u00e4tzte Lesezeit\" \/>\n\t<meta name=\"twitter:data1\" content=\"1\u00a0Minute\" \/>\n<script type=\"application\/ld+json\" class=\"yoast-schema-graph\">{\"@context\":\"https:\/\/schema.org\",\"@graph\":[{\"@type\":\"WebPage\",\"@id\":\"https:\/\/visionplease.com\/?page_id=243\",\"url\":\"https:\/\/visionplease.com\/?page_id=243\",\"name\":\"IMPRESSUM - visionplease.com - Inhaberin Laura Weber\",\"isPartOf\":{\"@id\":\"https:\/\/visionplease.com\/#website\"},\"datePublished\":\"2020-02-19T08:53:24+00:00\",\"dateModified\":\"2020-11-16T08:51:36+00:00\",\"breadcrumb\":{\"@id\":\"https:\/\/visionplease.com\/?page_id=243#breadcrumb\"},\"inLanguage\":\"de\",\"potentialAction\":[{\"@type\":\"ReadAction\",\"target\":[\"https:\/\/visionplease.com\/?page_id=243\"]}]},{\"@type\":\"BreadcrumbList\",\"@id\":\"https:\/\/visionplease.com\/?page_id=243#breadcrumb\",\"itemListElement\":[{\"@type\":\"ListItem\",\"position\":1,\"name\":\"Startseite\",\"item\":\"https:\/\/visionplease.com\/\"},{\"@type\":\"ListItem\",\"position\":2,\"name\":\"IMPRESSUM\"}]},{\"@type\":\"WebSite\",\"@id\":\"https:\/\/visionplease.com\/#website\",\"url\":\"https:\/\/visionplease.com\/\",\"name\":\"visionplease.com - Inhaberin Laura Weber\",\"description\":\"\",\"potentialAction\":[{\"@type\":\"SearchAction\",\"target\":{\"@type\":\"EntryPoint\",\"urlTemplate\":\"https:\/\/visionplease.com\/?s={search_term_string}\"},\"query-input\":\"required name=search_term_string\"}],\"inLanguage\":\"de\"}]}<\/script>\n<!-- \/ Yoast SEO plugin. -->","yoast_head_json":{"title":"IMPRESSUM - visionplease.com - Inhaberin Laura Weber","robots":{"index":"index","follow":"follow","max-snippet":"max-snippet:-1","max-image-preview":"max-image-preview:large","max-video-preview":"max-video-preview:-1"},"canonical":"https:\/\/visionplease.com\/?page_id=243","og_locale":"de_DE","og_type":"article","og_title":"IMPRESSUM - visionplease.com - Inhaberin Laura Weber","og_description":"Die Seite wird betrieben von Laura Weber Verantwortlich gem\u00e4\u00df \u00a7 55 Abs. 2 RStV: Vision Please \/ Laura WeberSpartanerstr. 730519 Hannover Allgemeine Anfragen:info@visionplease.com Tel.: +49172 6732495 Nutzung der Bilder: Bei (nicht kommerzieller)&nbsp;Nutzung meiner Bilder muss immer der Credit (Vision Please) sowie ein aktiver Link auf visionplease.com angegeben werden.&nbsp;Die Nutzung von mehr als 3 Motiven ist nur nach Freigabe durch mich gestattet. F\u00fcr kommerzielle Nutzung meiner &hellip;","og_url":"https:\/\/visionplease.com\/?page_id=243","og_site_name":"visionplease.com - Inhaberin Laura Weber","article_modified_time":"2020-11-16T08:51:36+00:00","twitter_card":"summary_large_image","twitter_misc":{"Gesch\u00e4tzte Lesezeit":"1\u00a0Minute"},"schema":{"@context":"https:\/\/schema.org","@graph":[{"@type":"WebPage","@id":"https:\/\/visionplease.com\/?page_id=243","url":"https:\/\/visionplease.com\/?page_id=243","name":"IMPRESSUM - visionplease.com - Inhaberin Laura Weber","isPartOf":{"@id":"https:\/\/visionplease.com\/#website"},"datePublished":"2020-02-19T08:53:24+00:00","dateModified":"2020-11-16T08:51:36+00:00","breadcrumb":{"@id":"https:\/\/visionplease.com\/?page_id=243#breadcrumb"},"inLanguage":"de","potentialAction":[{"@type":"ReadAction","target":["https:\/\/visionplease.com\/?page_id=243"]}]},{"@type":"BreadcrumbList","@id":"https:\/\/visionplease.com\/?page_id=243#breadcrumb","itemListElement":[{"@type":"ListItem","position":1,"name":"Startseite","item":"https:\/\/visionplease.com\/"},{"@type":"ListItem","position":2,"name":"IMPRESSUM"}]},{"@type":"WebSite","@id":"https:\/\/visionplease.com\/#website","url":"https:\/\/visionplease.com\/","name":"visionplease.com - Inhaberin Laura Weber","description":"","potentialAction":[{"@type":"SearchAction","target":{"@type":"EntryPoint","urlTemplate":"https:\/\/visionplease.com\/?s={search_term_string}"},"query-input":"required name=search_term_string"}],"inLanguage":"de"}]}},"_links":{"self":[{"href":"https:\/\/visionplease.com\/index.php?rest_route=\/wp\/v2\/pages\/243"}],"collection":[{"href":"https:\/\/visionplease.com\/index.php?rest_route=\/wp\/v2\/pages"}],"about":[{"href":"https:\/\/visionplease.com\/index.php?rest_route=\/wp\/v2\/types\/page"}],"author":[{"embeddable":true,"href":"https:\/\/visionplease.com\/index.php?rest_route=\/wp\/v2\/users\/1"}],"replies":[{"embeddable":true,"href":"https:\/\/visionplease.com\/index.php?rest_route=%2Fwp%2Fv2%2Fcomments&post=243"}],"version-history":[{"count":7,"href":"https:\/\/visionplease.com\/index.php?rest_route=\/wp\/v2\/pages\/243\/revisions"}],"predecessor-version":[{"id":643,"href":"https:\/\/visionplease.com\/index.php?rest_route=\/wp\/v2\/pages\/243\/revisions\/643"}],"wp:attachment":[{"href":"https:\/\/visionplease.com\/index.php?rest_route=%2Fwp%2Fv2%2Fmedia&parent=243"}],"curies":[{"name":"wp","href":"https:\/\/api.w.org\/{rel}","templated":true}]}}